{"id":95,"date":"2024-03-25T12:36:16","date_gmt":"2024-03-25T12:36:16","guid":{"rendered":"http:\/\/motywymediart.local\/?page_id=95"},"modified":"2024-12-03T09:15:02","modified_gmt":"2024-12-03T08:15:02","slug":"oferta","status":"publish","type":"page","link":"https:\/\/katarzynalukowska.pl\/en\/oferta","title":{"rendered":"Offer"},"content":{"rendered":"<p>At the Skin Expert  Katarzyna \u0141ukomska <strong>I will select a safe and maximally effective treatment for your skin<\/strong>, thanks to my experience of working with a variety of dermatological and trichological cases. I work with national and international clients and severe skin cases, which makes me an expert in this field. <strong>The proprietary programmes used at Skin Expert produce specific, measurable results.<\/strong> Put your skin in my hands! I invite you to individual consultations - by phone and in the office.<\/p>\n\n\n\n<p><\/p>","protected":false},"excerpt":{"rendered":"<p>W gabinecie Skin Expert Katarzyna \u0141ukomska dobior\u0119 bezpieczn\u0105 i maksymalnie efektywn\u0105 kuracj\u0119 dla Twojej sk\u00f3ry, dzi\u0119ki do\u015bwiadczeniu w pracy z r\u00f3\u017cnorodnymi przypadkami dermatologicznymi i trychologicznymi. Pracuj\u0119 z klientami z kraju i z zagranicy oraz z ci\u0119\u017ckimi przypadkami sk\u00f3ry, co czyni mnie ekspertk\u0105 w tej dziedzinie. Autorskie programy stosowane w Skin Expert przynosz\u0105 konkretne, mierzalne rezultaty. [&hellip;]<\/p>\n","protected":false},"author":6,"featured_media":428,"parent":0,"menu_order":0,"comment_status":"closed","ping_status":"closed","template":"","meta":{"_acf_changed":false,"footnotes":""},"class_list":["post-95","page","type-page","status-publish","has-post-thumbnail","hentry"],"acf":[],"yoast_head":"<!-- This site is optimized with the Yoast SEO plugin v26.8 - https:\/\/yoast.com\/product\/yoast-seo-wordpress\/ -->\n<title>Oferta - Katarzyna \u0141ukowska Skin Expert<\/title>\n<meta name=\"description\" content=\"W gabinecie Skin Expert Katarzyna \u0141ukomska dobior\u0119 bezpieczn\u0105 i maksymalnie efektywn\u0105 kuracj\u0119 dla Twojej sk\u00f3ry, dzi\u0119ki do\u015bwiadczeniu w pracy z r\u00f3\u017cnorodnymi przypadkami dermatologicznymi i trychologicznymi.\" \/>\n<meta name=\"robots\" content=\"index, follow, max-snippet:-1, max-image-preview:large, max-video-preview:-1\" \/>\n<link rel=\"canonical\" href=\"https:\/\/katarzynalukowska.pl\/en\/oferta\/\" \/>\n<meta property=\"og:locale\" content=\"en_US\" \/>\n<meta property=\"og:type\" content=\"article\" \/>\n<meta property=\"og:title\" content=\"Oferta - Katarzyna \u0141ukowska Skin Expert\" \/>\n<meta property=\"og:description\" content=\"W gabinecie Skin Expert Katarzyna \u0141ukomska dobior\u0119 bezpieczn\u0105 i maksymalnie efektywn\u0105 kuracj\u0119 dla Twojej sk\u00f3ry, dzi\u0119ki do\u015bwiadczeniu w pracy z r\u00f3\u017cnorodnymi przypadkami dermatologicznymi i trychologicznymi.\" \/>\n<meta property=\"og:url\" content=\"https:\/\/katarzynalukowska.pl\/en\/oferta\/\" \/>\n<meta property=\"og:site_name\" content=\"Katarzyna \u0141ukowska Skin Expert\" \/>\n<meta property=\"article:modified_time\" content=\"2024-12-03T08:15:02+00:00\" \/>\n<meta property=\"og:image\" content=\"https:\/\/katarzynalukowska.pl\/wp-content\/uploads\/2024\/03\/IMG_2559-copy-scaled.jpg\" \/>\n\t<meta property=\"og:image:width\" content=\"2560\" \/>\n\t<meta property=\"og:image:height\" content=\"1707\" \/>\n\t<meta property=\"og:image:type\" content=\"image\/jpeg\" \/>\n<meta name=\"twitter:card\" content=\"summary_large_image\" \/>\n<meta name=\"twitter:label1\" content=\"Est. reading time\" \/>\n\t<meta name=\"twitter:data1\" content=\"1 minute\" \/>\n<script type=\"application\/ld+json\" class=\"yoast-schema-graph\">{\"@context\":\"https:\/\/schema.org\",\"@graph\":[{\"@type\":\"WebPage\",\"@id\":\"https:\/\/katarzynalukowska.pl\/oferta\",\"url\":\"https:\/\/katarzynalukowska.pl\/oferta\",\"name\":\"Oferta - Katarzyna \u0141ukowska Skin Expert\",\"isPartOf\":{\"@id\":\"https:\/\/katarzynalukowska.pl\/#website\"},\"primaryImageOfPage\":{\"@id\":\"https:\/\/katarzynalukowska.pl\/oferta#primaryimage\"},\"image\":{\"@id\":\"https:\/\/katarzynalukowska.pl\/oferta#primaryimage\"},\"thumbnailUrl\":\"https:\/\/katarzynalukowska.pl\/wp-content\/uploads\/2024\/03\/IMG_2559-copy-scaled.jpg\",\"datePublished\":\"2024-03-25T12:36:16+00:00\",\"dateModified\":\"2024-12-03T08:15:02+00:00\",\"description\":\"W gabinecie Skin Expert Katarzyna \u0141ukomska dobior\u0119 bezpieczn\u0105 i maksymalnie efektywn\u0105 kuracj\u0119 dla Twojej sk\u00f3ry, dzi\u0119ki do\u015bwiadczeniu w pracy z r\u00f3\u017cnorodnymi przypadkami dermatologicznymi i trychologicznymi.\",\"breadcrumb\":{\"@id\":\"https:\/\/katarzynalukowska.pl\/oferta#breadcrumb\"},\"inLanguage\":\"en-US\",\"potentialAction\":[{\"@type\":\"ReadAction\",\"target\":[\"https:\/\/katarzynalukowska.pl\/oferta\"]}]},{\"@type\":\"ImageObject\",\"inLanguage\":\"en-US\",\"@id\":\"https:\/\/katarzynalukowska.pl\/oferta#primaryimage\",\"url\":\"https:\/\/katarzynalukowska.pl\/wp-content\/uploads\/2024\/03\/IMG_2559-copy-scaled.jpg\",\"contentUrl\":\"https:\/\/katarzynalukowska.pl\/wp-content\/uploads\/2024\/03\/IMG_2559-copy-scaled.jpg\",\"width\":2560,\"height\":1707},{\"@type\":\"BreadcrumbList\",\"@id\":\"https:\/\/katarzynalukowska.pl\/oferta#breadcrumb\",\"itemListElement\":[{\"@type\":\"ListItem\",\"position\":1,\"name\":\"Strona g\u0142\u00f3wna\",\"item\":\"https:\/\/katarzynalukowska.pl\/\"},{\"@type\":\"ListItem\",\"position\":2,\"name\":\"Oferta\"}]},{\"@type\":\"WebSite\",\"@id\":\"https:\/\/katarzynalukowska.pl\/#website\",\"url\":\"https:\/\/katarzynalukowska.pl\/\",\"name\":\"Katarzyna \u0141ukowska Skin Expert\",\"description\":\"Centrum Kosmetologii Medycznej i Trychologii\",\"publisher\":{\"@id\":\"https:\/\/katarzynalukowska.pl\/#organization\"},\"potentialAction\":[{\"@type\":\"SearchAction\",\"target\":{\"@type\":\"EntryPoint\",\"urlTemplate\":\"https:\/\/katarzynalukowska.pl\/?s={search_term_string}\"},\"query-input\":{\"@type\":\"PropertyValueSpecification\",\"valueRequired\":true,\"valueName\":\"search_term_string\"}}],\"inLanguage\":\"en-US\"},{\"@type\":\"Organization\",\"@id\":\"https:\/\/katarzynalukowska.pl\/#organization\",\"name\":\"Katarzyna \u0141ukowska Skin Expert\",\"url\":\"https:\/\/katarzynalukowska.pl\/\",\"logo\":{\"@type\":\"ImageObject\",\"inLanguage\":\"en-US\",\"@id\":\"https:\/\/katarzynalukowska.pl\/#\/schema\/logo\/image\/\",\"url\":\"https:\/\/katarzynalukowska.pl\/wp-content\/uploads\/2025\/01\/logo-KATARZYNA-LUKOWSKA-pozytyw-podpis-do-lewej.png\",\"contentUrl\":\"https:\/\/katarzynalukowska.pl\/wp-content\/uploads\/2025\/01\/logo-KATARZYNA-LUKOWSKA-pozytyw-podpis-do-lewej.png\",\"width\":1500,\"height\":611,\"caption\":\"Katarzyna \u0141ukowska Skin Expert\"},\"image\":{\"@id\":\"https:\/\/katarzynalukowska.pl\/#\/schema\/logo\/image\/\"}}]}<\/script>\n<!-- \/ Yoast SEO plugin. -->","yoast_head_json":{"title":"Oferta - Katarzyna \u0141ukowska Skin Expert","description":"W gabinecie Skin Expert Katarzyna \u0141ukomska dobior\u0119 bezpieczn\u0105 i maksymalnie efektywn\u0105 kuracj\u0119 dla Twojej sk\u00f3ry, dzi\u0119ki do\u015bwiadczeniu w pracy z r\u00f3\u017cnorodnymi przypadkami dermatologicznymi i trychologicznymi.","robots":{"index":"index","follow":"follow","max-snippet":"max-snippet:-1","max-image-preview":"max-image-preview:large","max-video-preview":"max-video-preview:-1"},"canonical":"https:\/\/katarzynalukowska.pl\/en\/oferta\/","og_locale":"en_US","og_type":"article","og_title":"Oferta - Katarzyna \u0141ukowska Skin Expert","og_description":"W gabinecie Skin Expert Katarzyna \u0141ukomska dobior\u0119 bezpieczn\u0105 i maksymalnie efektywn\u0105 kuracj\u0119 dla Twojej sk\u00f3ry, dzi\u0119ki do\u015bwiadczeniu w pracy z r\u00f3\u017cnorodnymi przypadkami dermatologicznymi i trychologicznymi.","og_url":"https:\/\/katarzynalukowska.pl\/en\/oferta\/","og_site_name":"Katarzyna \u0141ukowska Skin Expert","article_modified_time":"2024-12-03T08:15:02+00:00","og_image":[{"width":2560,"height":1707,"url":"https:\/\/katarzynalukowska.pl\/wp-content\/uploads\/2024\/03\/IMG_2559-copy-scaled.jpg","type":"image\/jpeg"}],"twitter_card":"summary_large_image","twitter_misc":{"Est. reading time":"1 minute"},"schema":{"@context":"https:\/\/schema.org","@graph":[{"@type":"WebPage","@id":"https:\/\/katarzynalukowska.pl\/oferta","url":"https:\/\/katarzynalukowska.pl\/oferta","name":"Oferta - Katarzyna \u0141ukowska Skin Expert","isPartOf":{"@id":"https:\/\/katarzynalukowska.pl\/#website"},"primaryImageOfPage":{"@id":"https:\/\/katarzynalukowska.pl\/oferta#primaryimage"},"image":{"@id":"https:\/\/katarzynalukowska.pl\/oferta#primaryimage"},"thumbnailUrl":"https:\/\/katarzynalukowska.pl\/wp-content\/uploads\/2024\/03\/IMG_2559-copy-scaled.jpg","datePublished":"2024-03-25T12:36:16+00:00","dateModified":"2024-12-03T08:15:02+00:00","description":"W gabinecie Skin Expert Katarzyna \u0141ukomska dobior\u0119 bezpieczn\u0105 i maksymalnie efektywn\u0105 kuracj\u0119 dla Twojej sk\u00f3ry, dzi\u0119ki do\u015bwiadczeniu w pracy z r\u00f3\u017cnorodnymi przypadkami dermatologicznymi i trychologicznymi.","breadcrumb":{"@id":"https:\/\/katarzynalukowska.pl\/oferta#breadcrumb"},"inLanguage":"en-US","potentialAction":[{"@type":"ReadAction","target":["https:\/\/katarzynalukowska.pl\/oferta"]}]},{"@type":"ImageObject","inLanguage":"en-US","@id":"https:\/\/katarzynalukowska.pl\/oferta#primaryimage","url":"https:\/\/katarzynalukowska.pl\/wp-content\/uploads\/2024\/03\/IMG_2559-copy-scaled.jpg","contentUrl":"https:\/\/katarzynalukowska.pl\/wp-content\/uploads\/2024\/03\/IMG_2559-copy-scaled.jpg","width":2560,"height":1707},{"@type":"BreadcrumbList","@id":"https:\/\/katarzynalukowska.pl\/oferta#breadcrumb","itemListElement":[{"@type":"ListItem","position":1,"name":"Strona g\u0142\u00f3wna","item":"https:\/\/katarzynalukowska.pl\/"},{"@type":"ListItem","position":2,"name":"Oferta"}]},{"@type":"WebSite","@id":"https:\/\/katarzynalukowska.pl\/#website","url":"https:\/\/katarzynalukowska.pl\/","name":"Katarzyna \u0141ukowska Skin Expert","description":"Centrum Kosmetologii Medycznej i Trychologii","publisher":{"@id":"https:\/\/katarzynalukowska.pl\/#organization"},"potentialAction":[{"@type":"SearchAction","target":{"@type":"EntryPoint","urlTemplate":"https:\/\/katarzynalukowska.pl\/?s={search_term_string}"},"query-input":{"@type":"PropertyValueSpecification","valueRequired":true,"valueName":"search_term_string"}}],"inLanguage":"en-US"},{"@type":"Organization","@id":"https:\/\/katarzynalukowska.pl\/#organization","name":"Katarzyna \u0141ukowska Skin Expert","url":"https:\/\/katarzynalukowska.pl\/","logo":{"@type":"ImageObject","inLanguage":"en-US","@id":"https:\/\/katarzynalukowska.pl\/#\/schema\/logo\/image\/","url":"https:\/\/katarzynalukowska.pl\/wp-content\/uploads\/2025\/01\/logo-KATARZYNA-LUKOWSKA-pozytyw-podpis-do-lewej.png","contentUrl":"https:\/\/katarzynalukowska.pl\/wp-content\/uploads\/2025\/01\/logo-KATARZYNA-LUKOWSKA-pozytyw-podpis-do-lewej.png","width":1500,"height":611,"caption":"Katarzyna \u0141ukowska Skin Expert"},"image":{"@id":"https:\/\/katarzynalukowska.pl\/#\/schema\/logo\/image\/"}}]}},"_links":{"self":[{"href":"https:\/\/katarzynalukowska.pl\/en\/wp-json\/wp\/v2\/pages\/95","targetHints":{"allow":["GET"]}}],"collection":[{"href":"https:\/\/katarzynalukowska.pl\/en\/wp-json\/wp\/v2\/pages"}],"about":[{"href":"https:\/\/katarzynalukowska.pl\/en\/wp-json\/wp\/v2\/types\/page"}],"author":[{"embeddable":true,"href":"https:\/\/katarzynalukowska.pl\/en\/wp-json\/wp\/v2\/users\/6"}],"replies":[{"embeddable":true,"href":"https:\/\/katarzynalukowska.pl\/en\/wp-json\/wp\/v2\/comments?post=95"}],"version-history":[{"count":9,"href":"https:\/\/katarzynalukowska.pl\/en\/wp-json\/wp\/v2\/pages\/95\/revisions"}],"predecessor-version":[{"id":631,"href":"https:\/\/katarzynalukowska.pl\/en\/wp-json\/wp\/v2\/pages\/95\/revisions\/631"}],"wp:featuredmedia":[{"embeddable":true,"href":"https:\/\/katarzynalukowska.pl\/en\/wp-json\/wp\/v2\/media\/428"}],"wp:attachment":[{"href":"https:\/\/katarzynalukowska.pl\/en\/wp-json\/wp\/v2\/media?parent=95"}],"curies":[{"name":"wp","href":"https:\/\/api.w.org\/{rel}","templated":true}]}}